{"id":328,"date":"2025-03-19T16:21:43","date_gmt":"2025-03-19T16:21:43","guid":{"rendered":"https:\/\/altstadt-hotel-koblenz.com\/datenschutz\/"},"modified":"2025-06-03T10:50:58","modified_gmt":"2025-06-03T10:50:58","slug":"datenschutz","status":"publish","type":"page","link":"https:\/\/www.altstadt-hotel-koblenz.de\/en\/datenschutz\/","title":{"rendered":"Datenschutz"},"content":{"rendered":"<div  class='avia-button-wrap av-av_button-64aa00a14310e77dd3e0aaceeaa16748-wrap avia_animated_button av-animated-when-visible-95 right-to-left avia-button-center  avia-builder-el-0  el_before_av_heading  avia-builder-el-first '><a href='\/'  class='avia-button av-av_button-64aa00a14310e77dd3e0aaceeaa16748 av-link-btn avia-icon_select-yes-left-icon avia-size-large avia-position-center avia-color-theme-color'   aria-label=\"Zur\u00fcck\"><span class='avia_button_icon avia_button_icon_left avia-iconfont avia-font-entypo-fontello' data-av_icon='\ue888' data-av_iconfont='entypo-fontello' ><\/span><span class='avia_iconbox_title' >Zur\u00fcck<\/span><\/a><\/div>\n\n<style type=\"text\/css\" data-created_by=\"avia_inline_auto\" id=\"style-css-av-av_heading-e2e330aa85696dfb8f512200b170ee6d\">\n#top .av-special-heading.av-av_heading-e2e330aa85696dfb8f512200b170ee6d{\npadding-bottom:10px;\n}\nbody .av-special-heading.av-av_heading-e2e330aa85696dfb8f512200b170ee6d .av-special-heading-tag .heading-char{\nfont-size:25px;\n}\n.av-special-heading.av-av_heading-e2e330aa85696dfb8f512200b170ee6d .av-subheading{\nfont-size:15px;\n}\n<\/style>\n<div  class='av-special-heading av-av_heading-e2e330aa85696dfb8f512200b170ee6d av-special-heading-h1 blockquote modern-quote modern-centered  avia-builder-el-1  el_after_av_button  el_before_av_hr '><h1 class='av-special-heading-tag '  itemprop=\"headline\"  >Datenschutzerkl\u00e4rung<\/h1><div class=\"special-heading-border\"><div class=\"special-heading-inner-border\"><\/div><\/div><\/div>\n\n<style type=\"text\/css\" data-created_by=\"avia_inline_auto\" id=\"style-css-av-av_hr-3a876428eececa9d35452247ddb053af\">\n#top .hr.hr-invisible.av-av_hr-3a876428eececa9d35452247ddb053af{\nheight:50px;\n}\n<\/style>\n<div  class='hr av-av_hr-3a876428eececa9d35452247ddb053af hr-invisible  avia-builder-el-2  el_after_av_heading  el_before_av_one_fifth '><span class='hr-inner '><span class=\"hr-inner-style\"><\/span><\/span><\/div>\n<div  class='flex_column av-av_one_fifth-40c2ab66117eaf826a4ccbebcd60e050 av_one_fifth  avia-builder-el-3  el_after_av_hr  el_before_av_three_fifth  first flex_column_div av-hide-on-mobile  '     ><\/div>\n<div  class='flex_column av-av_three_fifth-58a6369d5c19d308284fa729d91312fa av_three_fifth  avia-builder-el-4  el_after_av_one_fifth  el_before_av_one_fifth  flex_column_div  '     ><section  class='av_textblock_section av-m8mtwhl3-2902af24d0998cbd4fdb6427ba530106 '   itemscope=\"itemscope\" itemtype=\"https:\/\/schema.org\/CreativeWork\" ><div class='avia_textblock'  itemprop=\"text\" ><div style=\"text-align: center;\">\n<h2>1. Datenschutz auf einen Blick<\/h2>\n<p><strong>Allgemeine Hinweise &#038; Datenerfassung auf dieser Website<\/strong><br \/>\nDie folgenden Hinweise geben einen einfachen \u00dcberblick dar\u00fcber, was mit Ihren personenbezogenen Daten passiert, wenn Sie unsere Website besuchen. Personenbezogene Daten sind alle Daten, mit denen Sie pers\u00f6nlich identifiziert werden k\u00f6nnen.<\/p>\n<p>Ausf\u00fchrliche Informationen zum Thema Datenschutz entnehmen Sie unserer unter diesem Text aufgef\u00fchrten Datenschutzerkl\u00e4rung.<\/p>\n<p><strong>Wer ist verantwortlich f\u00fcr die Datenerfassung auf dieser Website?<\/strong><br \/>\nDie Datenverarbeitung auf dieser Website erfolgt durch den Websitebetreiber, dessen Kontaktdaten k\u00f6nnen Sie weiter unten entnehmen.<\/p>\n<p><strong>Wie erfassen wir Ihre Daten?<\/strong><br \/>\nIhre Daten werden zum einen dadurch erhoben, dass Sie uns diese mitteilen. Hierbei kann es sich z. B. um Daten handeln, die Sie in ein Kontaktformular eingeben. Andere Daten werden automatisch beim Besuch der Website durch unsere IT-Systeme erfasst. Das sind vor allem technische Daten (z. B. Internetbrowser, Betriebssystem oder Uhrzeit des Seitenaufrufs). Die Erfassung dieser Daten erfolgt automatisch, sobald Sie unsere Website betreten.<\/p>\n<p><strong>Wof\u00fcr nutzen wir Ihre Daten?<\/strong><br \/>\nEin Teil der Daten wird erhoben, um eine fehlerfreie Bereitstellung der Website zu gew\u00e4hrleisten. Andere Daten k\u00f6nnen zur Analyse Ihres Nutzerverhaltens verwendet werden. Au\u00dferdem k\u00f6nnen Ihre Daten \u2013 in Abh\u00e4ngigkeit Ihres Anliegens \u2013 f\u00fcr die Bearbeitung Ihrer Anfrage verwendet werden (Beantwortung von Fragen, Erstellung von Angeboten, usw.).<\/p>\n<p><strong>Welche Rechte haben Sie bez\u00fcglich Ihrer Daten?<\/strong><br \/>\nSie haben jederzeit das Recht unentgeltlich Auskunft \u00fcber Herkunft, Empf\u00e4nger und Zweck Ihrer gespeicherten personenbezogenen Daten zu erhalten. Sie haben au\u00dferdem ein Recht, die Berichtigung, Sperrung oder L\u00f6schung dieser Daten zu verlangen. Hierzu sowie zu weiteren Fragen zum Thema Datenschutz k\u00f6nnen Sie sich jederzeit unter der im Impressum angegebenen Adresse an uns wenden. Des Weiteren steht Ihnen ein Beschwerderecht bei der zust\u00e4ndigen Aufsichtsbeh\u00f6rde zu. Die f\u00fcr uns zust\u00e4ndige Aufsichtsbeh\u00f6rde ist:<\/p>\n<p style=\"text-align: center;\">Aufsichtsbeh\u00f6rde f\u00fcr den Datenschutz im nicht-\u00f6ffentlichen Bereich in Rheinland-Pfalz.<\/p>\n<p style=\"text-align: center;\">Der Landesbeauftragte f\u00fcr den Datenschutz Rheinland-Pfalz<br \/>\nHintere Bleiche 34,<br \/>\n55116 Mainz<br \/>\nTelefon +49(0)6131-208-2449<br \/>\nTelefax +49(0)6131-208-2497<br \/>\nE-Mail: poststelle(at)datenschutz.rlp.de<\/p>\n<h2>2. Allgemeine Hinweise und Pflichtinformationen<\/h2>\n<p><strong>Datenschutz<\/strong><br \/>\nDie Betreiber dieser Seiten nehmen den Schutz Ihrer pers\u00f6nlichen Daten sehr ernst. Wir behandeln Ihre personenbezogenen Daten vertraulich und entsprechend der gesetzlichen Datenschutzvorschriften sowie dieser Datenschutzerkl\u00e4rung.<\/p>\n<p>Wenn Sie diese Website benutzen, werden verschiedene personenbezogene Daten erhoben. Personenbezogene Daten sind Daten, mit denen Sie pers\u00f6nlich identifiziert oder identifizierbar werden k\u00f6nnen. Die vorliegende Datenschutzerkl\u00e4rung erl\u00e4utert, welche Daten wir erheben und wof\u00fcr wir sie nutzen. Sie erl\u00e4utert auch, wie und zu welchem Zweck das geschieht.<\/p>\n<p>Wir weisen darauf hin, dass die Daten\u00fcbertragung im Internet (z. B. bei der Kommunikation per E-Mail) Sicherheitsl\u00fccken aufweisen kann. Ein l\u00fcckenloser Schutz der Daten vor dem Zugriff durch Dritte ist nicht m\u00f6glich.<\/p>\n<p><strong>Hinweis zur verantwortlichen Stelle<\/strong><br \/>\nDie verantwortliche Stelle f\u00fcr die Datenverarbeitung auf dieser Website ist:<\/p>\n<p>Altstadt Hotel &#038; Caf\u00e9 Koblenz GmbH<br \/>\nJesuitenplatz 1-3<br \/>\nD-56068 Koblenz<br \/>\nTelefon: +49 (0) 26 1 \/ 2 01 64 &#8211; 0<br \/>\nEmail: info@altstadt-hotel-koblenz.de<\/p>\n<p>Verantwortliche Stelle ist die nat\u00fcrliche oder juristische Person, die allein oder gemeinsam mit anderen \u00fcber die Zwecke und Mittel der Verarbeitung von personenbezogenen Daten entscheidet.<\/p>\n<p><strong>Widerruf Ihrer Einwilligung zur Datenverarbeitung<\/strong><br \/>\nViele Datenverarbeitungsvorg\u00e4nge sind nur mit Ihrer ausdr\u00fccklichen Einwilligung m\u00f6glich. Sie k\u00f6nnen eine bereits erteilte Einwilligung jederzeit widerrufen. Dazu reicht eine formlose Mitteilung per E-Mail an uns. Die Rechtm\u00e4\u00dfigkeit der bis zum Widerruf erfolgten Datenverarbeitung bleibt vom Widerruf unber\u00fchrt.<\/p>\n<p><strong>Beschwerderecht bei der zust\u00e4ndigen Aufsichtsbeh\u00f6rde<\/strong><br \/>\nIm Falle datenschutzrechtlicher Verst\u00f6\u00dfe steht dem Betroffenen ein Beschwerderecht bei der zust\u00e4ndigen Aufsichtsbeh\u00f6rde zu. Zust\u00e4ndige Aufsichtsbeh\u00f6rde in datenschutzrechtlichen Fragen ist der Landesdatenschutzbeauftragte des Bundeslandes, in dem unser Unternehmen seinen Sitz hat. Die f\u00fcr uns zust\u00e4ndige Aufsichtsbeh\u00f6rde finden Sie unter Teil 1 dieser Datenschutzerkl\u00e4rung.<\/p>\n<p><strong>Recht auf Daten\u00fcbertragbarkeit<\/strong><br \/>\nSie haben das Recht, Daten, die wir auf Grundlage Ihrer Einwilligung oder in Erf\u00fcllung eines Vertrags automatisiert verarbeiten, an sich oder an einen Dritten in einem g\u00e4ngigen, maschinenlesbaren Format aush\u00e4ndigen zu lassen. Sofern Sie die direkte \u00dcbertragung der Daten an einen anderen Verantwortlichen verlangen, erfolgt dies nur, soweit es technisch machbar ist.<\/p>\n<p><strong>SSL- bzw. TLS-Verschl\u00fcsselung<\/strong><br \/>\nDiese Seite nutzt aus Sicherheitsgr\u00fcnden und zum Schutz der \u00dcbertragung vertraulicher Inhalte, wie zum Beispiel Bestellungen oder Anfragen, die Sie an uns als Seitenbetreiber senden, eine SSL-bzw. TLS-Verschl\u00fcsselung. Eine verschl\u00fcsselte Verbindung erkennen Sie daran, dass die Adresszeile des Browsers von \u201chttps:\/\/\u201d auf \u201chttps:\/\/\u201d wechselt und an dem Schloss-Symbol in Ihrer Browserzeile.<\/p>\n<p>Wenn die SSL- bzw. TLS-Verschl\u00fcsselung aktiviert ist, k\u00f6nnen die Daten, die Sie an uns \u00fcbermitteln, nicht von Dritten mitgelesen werden.<\/p>\n<p><strong>Auskunft, Sperrung, L\u00f6schung<\/strong><br \/>\nSie haben im Rahmen der geltenden gesetzlichen Bestimmungen jederzeit das Recht auf unentgeltliche Auskunft \u00fcber Ihre gespeicherten personenbezogenen Daten, deren Herkunft und Empf\u00e4nger und den Zweck der Datenverarbeitung und ggf. ein Recht auf Berichtigung, Sperrung oder L\u00f6schung dieser Daten. Hierzu sowie zu weiteren Fragen zum Thema personenbezogene Daten k\u00f6nnen Sie sich jederzeit unter der im Impressum angegebenen Adresse an uns wenden.<\/p>\n<p><strong>Widerspruch gegen Werbe-Mails<\/strong><br \/>\nDer Nutzung von im Rahmen der Impressumspflicht ver\u00f6ffentlichten Kontaktdaten zur \u00dcbersendung von nicht ausdr\u00fccklich angeforderter Werbung und Informationsmaterialien wird hiermit widersprochen. Die Betreiber der Seiten behalten sich ausdr\u00fccklich rechtliche Schritte im Falle der unverlangten Zusendung von Werbeinformationen, etwa durch Spam-E-Mails, vor.<\/p>\n<h2>3. Datenerfassung auf unserer Website<\/h2>\n<p><strong>Cookies<\/strong><br \/>\nDie Internetseiten verwenden teilweise so genannte Cookies. Cookies richten auf Ihrem Rechner keinen Schaden an und enthalten keine Viren. Cookies dienen dazu, unser Angebot nutzerfreundlicher, effektiver und sicherer zu machen. Cookies sind kleine Textdateien, die auf Ihrem Rechner abgelegt werden und die Ihr Browser speichert.<\/p>\n<p>Alle von uns verwendeten Cookies sind so genannte \u201cSession-Cookies\u201d. Sie werden nach Ende Ihres Besuchs automatisch gel\u00f6scht.<\/p>\n<p>Sie k\u00f6nnen Ihren Browser so einstellen, dass Sie \u00fcber das Setzen von Cookies informiert werden und Cookies nur im Einzelfall erlauben, die Annahme von Cookies f\u00fcr bestimmte F\u00e4lle oder generell ausschlie\u00dfen sowie das automatische L\u00f6schen der Cookies beim Schlie\u00dfen des Browser aktivieren. Bei der Deaktivierung von Cookies kann die Funktionalit\u00e4t dieser Website eingeschr\u00e4nkt sein.<\/p>\n<p>Cookies, die zur Durchf\u00fchrung des elektronischen Kommunikationsvorgangs oder zur Bereitstellung bestimmter, von Ihnen erw\u00fcnschter Funktionen (z.B. Warenkorbfunktion) erforderlich sind, werden auf Grundlage von Art. 6 Abs. 1 lit. f DSGVO gespeichert. Der Websitebetreiber hat ein berechtigtes Interesse an der Speicherung von Cookies zur technisch fehlerfreien und optimierten Bereitstellung seiner Dienste. Soweit andere Cookies (z. B. Cookies zur Analyse Ihres Surfverhaltens) gespeichert werden, werden diese in dieser Datenschutzerkl\u00e4rung gesondert behandelt.<\/p>\n<p><strong>Externes Hosting<\/strong><br \/>\nDiese Website wird bei einem externen Dienstleister gehostet (Hoster). Die personenbezogenen Daten, die auf dieser Website erfasst werden, werden auf den Servern des Hosters gespeichert. Hierbei kann es sich v. a. um IP-Adressen, Kontaktanfragen, Meta- und Kommunikationsdaten, Vertragsdaten, Kontaktdaten, Namen, Websitezugriffe und sonstige Daten, die \u00fcber eine Website generiert werden, handeln.<\/p>\n<p>Der Einsatz des Hosters erfolgt zum Zwecke der Vertragserf\u00fcllung gegen\u00fcber unseren potenziellen und bestehenden Kunden (Art. 6 Abs. 1 lit. b DSGVO) und im Interesse einer sicheren, schnellen und effizienten Bereitstellung unseres Online-Angebots durch einen professionellen Anbieter (Art. 6 Abs. 1 lit. f DSGVO).<\/p>\n<p>Unser Hoster wird Ihre Daten nur insoweit verarbeiten, wie dies zur Erf\u00fcllung seiner Leistungspflichten erforderlich ist und unsere Weisungen in Bezug auf diese Daten befolgen.<\/p>\n<p>Wir setzen folgenden Hoster ein:<\/p>\n<p>1&#038;1 IONOS SE<br \/>\nElgendorfer Str. 57<br \/>\n56410 Montabaur<\/p>\n<p>Telefon: +49 721 9600<br \/>\nHRB 25120, Amtsgericht Montabaur<\/p>\n<p><strong>Abschluss eines Vertrages \u00fcber Auftragsverarbeitung<\/strong><br \/>\nUm die datenschutzkonforme Verarbeitung zu gew\u00e4hrleisten, haben wir einen Vertrag \u00fcber Auftragsverarbeitung mit unserem Hoster geschlossen.<\/p>\n<p><strong>Server-Log-Dateien<\/strong><br \/>\nDer Provider der Seiten erhebt und speichert automatisch Informationen in so genannten Server-Log-Dateien, die Ihr Browser automatisch an uns \u00fcbermittelt. Dies sind:<\/p>\n<ul>Browsertyp und Browserversion<\/ul>\n<ul>verwendetes Betriebssystem<\/ul>\n<ul>Referrer URL<\/ul>\n<ul>Hostname des zugreifenden Rechners<\/ul>\n<ul>Uhrzeit der Serveranfrage<\/ul>\n<ul>IP-Adresse<\/ul>\n<\/li>\n<p>Eine Zusammenf\u00fchrung dieser Daten mit anderen Datenquellen wird nicht vorgenommen. Grundlage f\u00fcr die Datenverarbeitung ist Art. 6 Abs. 1 lit. f DSGVO.<\/p>\n<p><strong>Buchungen \u00fcber TourOnline\/DIRS21 (Drittanbieter)<\/strong><br \/>\nUm Ihnen Online-Buchungen zu erm\u00f6glichen und Auskunft \u00fcber die Verf\u00fcgbarkeit von Zimmern geben zu k\u00f6nnen, nutzen wir die API des Buchungssystems DIRS21 der TourOnline AG, Borsigstra\u00dfe 26, 73249 Wernau.<\/p>\n<p>Die \u00dcberpr\u00fcfung von freien Zimmern zu den gew\u00fcnschten Zeiten ist ohne Angabe von personenbezogenen Daten m\u00f6glich. F\u00fcr derartige Ausk\u00fcnfte und um Zimmer-Buchungen vorzunehmen, muss Ihr Browser eine Verbindung zum Server des Buchungsmodul-Anbieters TourOnline herstellen. F\u00fcr die Buchung ist die Angabe personenbezogener Daten (Ihr Name, Kontaktm\u00f6glichkeit etc.) dringend notwendig. Um die Funktionalit\u00e4t der API zu gew\u00e4hrleisten, werden entsprechende Skripte in den Browsercache geladen. <\/p>\n<p>F\u00fcr die Auskunft \u00fcber freie Zimmer zu gew\u00fcnschten Zeiten und bei einer Online-Buchung \u00fcber das DIRS21-Buchungsmodul wird Ihre IP gespeichert und an die Server der TourOnline AG \u00fcbertragen. Als Betreiber der Webseite haben wir keinen Einfluss auf die Datenschutzbestimmungen der TourOnline AG. Diese k\u00f6nnen aber vollst\u00e4ndig hier nachgelesen werden: <a href=\"https:\/\/www.dirs21.de\/datenschutz\/\" rel=\"noopener\" target=\"_blank\">Datenschutzbestimmungen TourOnline AG<\/a>.<br \/>\nIm Sinne von Art. 6 Abs. 1 DSGVO ist die Buchung \u00fcber das Buchungsmodul m\u00f6glichst einfach und schnell gehalten.<\/p>\n<p><strong>Social Media<\/strong><br \/>\nAuf unserer Seite finden Sie diverse Social Media Buttons, wie z.B. Instagram und ggf. weitere. Diese Buttons sind lediglich Verlinkungen zu den entsprechenden Social Media-Auftritten. W\u00e4hrend Ihres Besuchs auf unserer Webseite werden keine Daten an diese Social Media-Anbieter \u00fcbertragen. Erst bei einem Klick auf einen der Buttons wird die Seite des entsprechenden Social Media-Dienstes in einem separaten Fenster ge\u00f6ffnet und Sie werden weitergeleitet.<\/p>\n<p><strong>Kontaktformular<\/strong><br \/>\nWenn Sie uns per Kontaktformular Anfragen zukommen lassen, werden Ihre Angaben aus dem Anfrageformular inklusive der von Ihnen dort angegebenen Kontaktdaten zwecks Bearbeitung der Anfrage und f\u00fcr den Fall von Anschlussfragen bei uns gespeichert. Diese Daten geben wir nicht ohne Ihre Einwilligung weiter.<\/p>\n<p>Die Verarbeitung der in das Kontaktformular eingegebenen Daten erfolgt somit ausschlie\u00dflich auf Grundlage Ihrer Einwilligung (Art. 6 Abs. 1 lit. a DSGVO). Sie k\u00f6nnen diese Einwilligung jederzeit widerrufen. Dazu reicht eine formlose Mitteilung per E-Mail an uns. Die Rechtm\u00e4\u00dfigkeit der bis zum Widerruf erfolgten Datenverarbeitungsvorg\u00e4nge bleibt vom Widerruf unber\u00fchrt.<\/p>\n<p>Die von Ihnen im Kontaktformular eingegebenen Daten verbleiben bei uns, bis Sie uns zur L\u00f6schung auffordern, Ihre Einwilligung zur Speicherung widerrufen oder der Zweck f\u00fcr die Datenspeicherung entf\u00e4llt (z.B. nach abgeschlossener Bearbeitung Ihrer Anfrage). Zwingende gesetzliche Bestimmungen \u2013 insbesondere Aufbewahrungsfristen \u2013 bleiben unber\u00fchrt.<\/p>\n<\/div>\n<\/div><\/section><\/div><div  class='flex_column av-av_one_fifth-fad85b6a82df7ae7d62e8d3ccbc528f0 av_one_fifth  avia-builder-el-6  el_after_av_three_fifth  el_before_av_button  flex_column_div av-hide-on-mobile  '     ><\/div><\/p>\n<div  class='avia-button-wrap av-av_button-64aa00a14310e77dd3e0aaceeaa16748-wrap avia_animated_button av-animated-when-visible-95 right-to-left avia-button-center  avia-builder-el-7  el_after_av_one_fifth  avia-builder-el-last '><a href='\/'  class='avia-button av-av_button-64aa00a14310e77dd3e0aaceeaa16748 av-link-btn avia-icon_select-yes-left-icon avia-size-large avia-position-center avia-color-theme-color'   aria-label=\"Zur\u00fcck\"><span class='avia_button_icon avia_button_icon_left avia-iconfont avia-font-entypo-fontello' data-av_icon='\ue888' data-av_iconfont='entypo-fontello' ><\/span><span class='avia_iconbox_title' >Zur\u00fcck<\/span><\/a><\/div>\n","protected":false},"excerpt":{"rendered":"","protected":false},"author":1,"featured_media":0,"parent":0,"menu_order":0,"comment_status":"closed","ping_status":"closed","template":"","meta":{"footnotes":""},"class_list":["post-328","page","type-page","status-publish","hentry"],"_links":{"self":[{"href":"https:\/\/www.altstadt-hotel-koblenz.de\/en\/wp-json\/wp\/v2\/pages\/328","targetHints":{"allow":["GET"]}}],"collection":[{"href":"https:\/\/www.altstadt-hotel-koblenz.de\/en\/wp-json\/wp\/v2\/pages"}],"about":[{"href":"https:\/\/www.altstadt-hotel-koblenz.de\/en\/wp-json\/wp\/v2\/types\/page"}],"author":[{"embeddable":true,"href":"https:\/\/www.altstadt-hotel-koblenz.de\/en\/wp-json\/wp\/v2\/users\/1"}],"replies":[{"embeddable":true,"href":"https:\/\/www.altstadt-hotel-koblenz.de\/en\/wp-json\/wp\/v2\/comments?post=328"}],"version-history":[{"count":1,"href":"https:\/\/www.altstadt-hotel-koblenz.de\/en\/wp-json\/wp\/v2\/pages\/328\/revisions"}],"predecessor-version":[{"id":331,"href":"https:\/\/www.altstadt-hotel-koblenz.de\/en\/wp-json\/wp\/v2\/pages\/328\/revisions\/331"}],"wp:attachment":[{"href":"https:\/\/www.altstadt-hotel-koblenz.de\/en\/wp-json\/wp\/v2\/media?parent=328"}],"curies":[{"name":"wp","href":"https:\/\/api.w.org\/{rel}","templated":true}]}}