{"id":332,"date":"2025-03-19T16:20:22","date_gmt":"2025-03-19T16:20:22","guid":{"rendered":"https:\/\/altstadt-hotel-koblenz.com\/impressum\/"},"modified":"2025-06-03T10:51:16","modified_gmt":"2025-06-03T10:51:16","slug":"impressum","status":"publish","type":"page","link":"https:\/\/www.altstadt-hotel-koblenz.de\/en\/impressum\/","title":{"rendered":"Impressum"},"content":{"rendered":"<div  class='avia-button-wrap av-595j2-ed1096134085968a00c4b9976916a49a-wrap avia_animated_button av-animated-when-visible-95 right-to-left avia-button-center  avia-builder-el-0  el_before_av_heading  avia-builder-el-first '><a href='\/'  class='avia-button av-595j2-ed1096134085968a00c4b9976916a49a av-link-btn avia-icon_select-yes-left-icon avia-size-large avia-position-center avia-color-theme-color'   aria-label=\"Zur\u00fcck\"><span class='avia_button_icon avia_button_icon_left avia-iconfont avia-font-entypo-fontello' data-av_icon='\ue888' data-av_iconfont='entypo-fontello' ><\/span><span class='avia_iconbox_title' >Zur\u00fcck<\/span><\/a><\/div>\n\n<style type=\"text\/css\" data-created_by=\"avia_inline_auto\" id=\"style-css-av-19a9xi-d9c15f210820c261c542be9eef4c7a19\">\n#top .av-special-heading.av-19a9xi-d9c15f210820c261c542be9eef4c7a19{\npadding-bottom:10px;\n}\nbody .av-special-heading.av-19a9xi-d9c15f210820c261c542be9eef4c7a19 .av-special-heading-tag .heading-char{\nfont-size:25px;\n}\n.av-special-heading.av-19a9xi-d9c15f210820c261c542be9eef4c7a19 .av-subheading{\nfont-size:15px;\n}\n<\/style>\n<div  class='av-special-heading av-19a9xi-d9c15f210820c261c542be9eef4c7a19 av-special-heading-h1 blockquote modern-quote modern-centered  avia-builder-el-1  el_after_av_button  el_before_av_hr '><h1 class='av-special-heading-tag '  itemprop=\"headline\"  >Impressum<\/h1><div class=\"special-heading-border\"><div class=\"special-heading-inner-border\"><\/div><\/div><\/div>\n\n<style type=\"text\/css\" data-created_by=\"avia_inline_auto\" id=\"style-css-av-135okm-afe31a3413bbfd43ef3bf4b17f4f0c6e\">\n#top .hr.hr-invisible.av-135okm-afe31a3413bbfd43ef3bf4b17f4f0c6e{\nheight:50px;\n}\n<\/style>\n<div  class='hr av-135okm-afe31a3413bbfd43ef3bf4b17f4f0c6e hr-invisible  avia-builder-el-2  el_after_av_heading  el_before_av_one_fifth '><span class='hr-inner '><span class=\"hr-inner-style\"><\/span><\/span><\/div>\n<div  class='flex_column av-xm4xi-f26cf6f63dbeae880a49aa763c529c3d av_one_fifth  avia-builder-el-3  el_after_av_hr  el_before_av_three_fifth  first flex_column_div av-hide-on-mobile  '     ><\/div>\n<div  class='flex_column av-qzd92-1a79521e40bd347744214e768ceb15a1 av_three_fifth  avia-builder-el-4  el_after_av_one_fifth  el_before_av_one_fifth  flex_column_div  '     ><section  class='av_textblock_section av-m8mtc7xb-fdd70a74ac263d95a2bde51bd7d29335 '   itemscope=\"itemscope\" itemtype=\"https:\/\/schema.org\/CreativeWork\" ><div class='avia_textblock'  itemprop=\"text\" ><div style=\"text-align: center;\"><strong>Angaben gem\u00e4\u00df \u00a7 5 DDG:<\/strong><br \/>\nAltstadt Hotel &#038; Caf\u00e9 Koblenz GmbH<br \/>\nJesuitenplatz 1-3<br \/>\nD-56068 Koblenz, Deutschland<\/p>\n<p><strong>Vertreten durch:<\/strong><br \/>\nGesch\u00e4ftsf\u00fchrende Gesellschafterinnen: Inka Weisser und Kerstin Peters<\/p>\n<p><strong>Verantwortlich f\u00fcr den Websiten-Inhalt nach \u00a7 55 Abs. 2 RStV:<\/strong><br \/>\nInka Weisser und Kerstin Peters<\/p>\n<p><strong>Kontakt:<\/strong><br \/>\nFon: +49 (0) 26 1 \/ 2 01 64 &#8211; 0<br \/>\nE-Mail: info@altstadt-hotel-koblenz.de<\/p>\n<p><strong>Internet:<\/strong><br \/>\nwww.altstadt-hotel-koblenz.de<\/p>\n<p><strong>Registereintrag:<\/strong><br \/>\nEintragung im Handelsregister<br \/>\nRegistergericht: Koblenz<br \/>\nRegisternummer: HRB 29819<\/p>\n<p><strong>Umsatzsteuer-ID:<\/strong><br \/>\nUmsatzsteuer-Identifikationsnummer gem\u00e4\u00df \u00a727 a Umsatzsteuergesetz:<br \/>\nDE363416663<\/p>\n<p><strong>Inhalte anderweitiger Anbieter (Verweise und externe Links)<\/strong><br \/>\nDiese Webseite enth\u00e4lt Verweise (Links) zu externen Webseiten Dritter. Die Altstadt Hotel &#038; Caf\u00e9 Koblenz GmbH hat diese Links nach bestem Wissen und mit gr\u00f6\u00dftm\u00f6glicher Sorgfalt erstellt. Wir \u00fcbernehmen jedoch keine Verantwortung f\u00fcr die Inhalte von Webseiten Dritter, auf die direkt oder indirekt verwiesen wird. Da Inhalte im Internet sich st\u00e4ndig \u00e4ndern, kann eine laufende \u00dcberpr\u00fcfung nicht gew\u00e4hrleistet werden. Die Altstadt Hotel &#038; Caf\u00e9 Koblenz GmbH macht sich den Inhalt externer Webseiten nicht zu eigen. F\u00fcr Sch\u00e4den, die durch die Nutzung oder Nichtnutzung der verlinkten Seiten entstehen, haftet ausschlie\u00dflich der jeweilige Anbieter der Seite.<\/p>\n<p><strong>Urheberrecht<\/strong><br \/>\nAlle auf dieser Webseite ver\u00f6ffentlichten Inhalte, einschlie\u00dflich Texte, Grafiken, Tabellen, Fotos sowie Ton- und Videomaterial, sind urheberrechtlich gesch\u00fctzt. Jegliche Nutzung, Vervielf\u00e4ltigung oder Verbreitung von Materialien dieser Webseite, die nicht der pers\u00f6nlichen Information dienen, ist ohne ausdr\u00fcckliche Genehmigung der Altstadt Hotel &#038; Caf\u00e9 Koblenz GmbH untersagt. Eine unbefugte Nutzung kann rechtliche Konsequenzen nach sich ziehen.<\/p>\n<p>Website: <a href=\"http:\/\/www.webwucht.de\" title=\"Christian B\u00f6sel\" target=\"_blank\" rel=\"dofollow\">WEBWUCHT &#8211; Christian B\u00f6sel<\/a><br \/>\nFotografie: <a href=\"http:\/\/www.artlik.de\/\" title=\"Artur Lik Fotografie\" target=\"_blank\">Artur Lik<\/a><\/p>\n<h3>Bildnachweise:<\/h3>\n<table>\n<tbody>\n<tr>\n<td>https:\/\/www.altstadt-hotel-koblenz.de\/jobs (Header-Foto)<\/td>\n<td>\u00a9 Fotograf, Quelle: <a href=\"http:\/\/www.pano.coop\/\">Pano Coop<\/a><\/td>\n<\/tr>\n<tr>\n<td>https:\/\/www.altstadt-hotel-koblenz.de\/koblenz-entdecken\/(2 Luftaufnahme-Fotos)<\/td>\n<td>\u00a9 Fotograf, Quelle: <a href=\"https:\/\/www.lufthelden.de\/\">Die Lufthelden<\/a><\/td>\n<\/tr>\n<\/tbody>\n<\/table>\n<\/div>\n<\/div><\/section><\/div><div  class='flex_column av-jpvo6-91cd29be06aa69d82215e00bf0a5e3dc av_one_fifth  avia-builder-el-6  el_after_av_three_fifth  el_before_av_hr  flex_column_div av-hide-on-mobile  '     ><\/div><\/p>\n\n<style type=\"text\/css\" data-created_by=\"avia_inline_auto\" id=\"style-css-av-d1jny-0c8f65003a215f1137c8e4c8598bc6ba\">\n#top .hr.hr-invisible.av-d1jny-0c8f65003a215f1137c8e4c8598bc6ba{\nheight:50px;\n}\n<\/style>\n<div  class='hr av-d1jny-0c8f65003a215f1137c8e4c8598bc6ba hr-invisible  avia-builder-el-7  el_after_av_one_fifth  el_before_av_button '><span class='hr-inner '><span class=\"hr-inner-style\"><\/span><\/span><\/div>\n<div  class='avia-button-wrap av-rhba-19d5dfbea89f7cf571e79b7f715f68fa-wrap avia_animated_button av-animated-when-visible-95 right-to-left avia-button-center  avia-builder-el-8  el_after_av_hr  avia-builder-el-last '><a href='\/'  class='avia-button av-rhba-19d5dfbea89f7cf571e79b7f715f68fa av-link-btn avia-icon_select-yes-left-icon avia-size-large avia-position-center avia-color-theme-color'   aria-label=\"Zur\u00fcck\"><span class='avia_button_icon avia_button_icon_left avia-iconfont avia-font-entypo-fontello' data-av_icon='\ue888' data-av_iconfont='entypo-fontello' ><\/span><span class='avia_iconbox_title' >Zur\u00fcck<\/span><\/a><\/div>\n","protected":false},"excerpt":{"rendered":"","protected":false},"author":1,"featured_media":0,"parent":0,"menu_order":0,"comment_status":"closed","ping_status":"closed","template":"","meta":{"footnotes":""},"class_list":["post-332","page","type-page","status-publish","hentry"],"_links":{"self":[{"href":"https:\/\/www.altstadt-hotel-koblenz.de\/en\/wp-json\/wp\/v2\/pages\/332","targetHints":{"allow":["GET"]}}],"collection":[{"href":"https:\/\/www.altstadt-hotel-koblenz.de\/en\/wp-json\/wp\/v2\/pages"}],"about":[{"href":"https:\/\/www.altstadt-hotel-koblenz.de\/en\/wp-json\/wp\/v2\/types\/page"}],"author":[{"embeddable":true,"href":"https:\/\/www.altstadt-hotel-koblenz.de\/en\/wp-json\/wp\/v2\/users\/1"}],"replies":[{"embeddable":true,"href":"https:\/\/www.altstadt-hotel-koblenz.de\/en\/wp-json\/wp\/v2\/comments?post=332"}],"version-history":[{"count":1,"href":"https:\/\/www.altstadt-hotel-koblenz.de\/en\/wp-json\/wp\/v2\/pages\/332\/revisions"}],"predecessor-version":[{"id":333,"href":"https:\/\/www.altstadt-hotel-koblenz.de\/en\/wp-json\/wp\/v2\/pages\/332\/revisions\/333"}],"wp:attachment":[{"href":"https:\/\/www.altstadt-hotel-koblenz.de\/en\/wp-json\/wp\/v2\/media?parent=332"}],"curies":[{"name":"wp","href":"https:\/\/api.w.org\/{rel}","templated":true}]}}